{"id":160,"date":"2024-02-23T05:51:56","date_gmt":"2024-02-23T05:51:56","guid":{"rendered":"https:\/\/gmedrills.com\/es-pe\/?page_id=160"},"modified":"2024-06-07T06:42:25","modified_gmt":"2024-06-07T06:42:25","slug":"productos","status":"publish","type":"page","link":"https:\/\/gmedrills.com\/es-pe\/productos\/","title":{"rendered":"Productos"},"content":{"rendered":"\r\n<p>Una herramienta confiable operada por aire comprimido juega un papel crucial en diversas fases de los proyectos de miner\u00eda y construcci\u00f3n. En GME, ofrecemos una amplia selecci\u00f3n de herramientas y equipos neum\u00e1ticos adaptados a las necesidades de la industria minera. Ya sea que est\u00e9 involucrado en la extracci\u00f3n de minerales, el trabajo de metales o garantizando la seguridad de sus perforadores, tenemos la soluci\u00f3n para usted. Consulte a continuaci\u00f3n una lista de nuestros productos.<\/p>\r\n","protected":false},"excerpt":{"rendered":"<p>Una herramienta confiable operada por aire comprimido juega un papel crucial en diversas fases de los proyectos de miner\u00eda y construcci\u00f3n. En GME, ofrecemos una amplia selecci\u00f3n de herramientas y equipos neum\u00e1ticos adaptados a las necesidades de la industria minera. Ya sea que est\u00e9 involucrado en la extracci\u00f3n de minerales, el trabajo de metales o garantizando la seguridad de sus perforadores, tenemos la soluci\u00f3n para usted. Consulte a continuaci\u00f3n una lista de nuestros productos.<\/p>\n","protected":false},"author":1,"featured_media":0,"parent":0,"menu_order":0,"comment_status":"closed","ping_status":"closed","template":"page-templete\/templete-products.php","meta":{"footnotes":""},"class_list":["post-160","page","type-page","status-publish","hentry"],"yoast_head":"<!-- This site is optimized with the Yoast SEO Premium plugin v24.5 (Yoast SEO v27.4) - https:\/\/yoast.com\/product\/yoast-seo-premium-wordpress\/ -->\n<title>GME - Herramientas Neum\u00e1ticas Utilizadas en la Industria Minera y de la Construcci\u00f3n en Per\u00fa<\/title>\n<meta name=\"description\" content=\"GME Herramientas neum\u00e1ticas para miner\u00eda y construcci\u00f3n en Per\u00fa. \u00a1Obtenga una cotizaci\u00f3n gratuita ahora! Cont\u00e1ctenos al +51 938 146 858 o marketing@gmedrills.com.\" \/>\n<meta name=\"robots\" content=\"index, follow, max-snippet:-1, max-image-preview:large, max-video-preview:-1\" \/>\n<link rel=\"canonical\" href=\"https:\/\/gmedrills.com\/es-pe\/productos\/\" \/>\n<meta property=\"og:locale\" content=\"es_ES\" \/>\n<meta property=\"og:type\" content=\"article\" \/>\n<meta property=\"og:title\" content=\"GME - Herramientas Neum\u00e1ticas Utilizadas en la Industria Minera y de la Construcci\u00f3n en Per\u00fa\" \/>\n<meta property=\"og:description\" content=\"GME Herramientas neum\u00e1ticas para miner\u00eda y construcci\u00f3n en Per\u00fa. \u00a1Obtenga una cotizaci\u00f3n gratuita ahora! Cont\u00e1ctenos al +51 938 146 858 o marketing@gmedrills.com.\" \/>\n<meta property=\"og:url\" content=\"https:\/\/gmedrills.com\/es-pe\/productos\/\" \/>\n<meta property=\"og:site_name\" content=\"GME\" \/>\n<meta property=\"article:modified_time\" content=\"2024-06-07T06:42:25+00:00\" \/>\n<meta name=\"twitter:card\" content=\"summary_large_image\" \/>\n<meta name=\"twitter:label1\" content=\"Est. reading time\" \/>\n\t<meta name=\"twitter:data1\" content=\"1 minuto\" \/>\n<script type=\"application\/ld+json\" class=\"yoast-schema-graph\">{\"@context\":\"https:\\\/\\\/schema.org\",\"@graph\":[{\"@type\":\"WebPage\",\"@id\":\"https:\\\/\\\/gmedrills.com\\\/es-pe\\\/productos\\\/\",\"url\":\"https:\\\/\\\/gmedrills.com\\\/es-pe\\\/productos\\\/\",\"name\":\"GME - Herramientas Neum\u00e1ticas Utilizadas en la Industria Minera y de la Construcci\u00f3n en Per\u00fa\",\"isPartOf\":{\"@id\":\"https:\\\/\\\/gmedrills.com\\\/es-pe\\\/#website\"},\"datePublished\":\"2024-02-23T05:51:56+00:00\",\"dateModified\":\"2024-06-07T06:42:25+00:00\",\"description\":\"GME Herramientas neum\u00e1ticas para miner\u00eda y construcci\u00f3n en Per\u00fa. \u00a1Obtenga una cotizaci\u00f3n gratuita ahora! Cont\u00e1ctenos al +51 938 146 858 o marketing@gmedrills.com.\",\"inLanguage\":\"es-PE\",\"potentialAction\":[{\"@type\":\"ReadAction\",\"target\":[\"https:\\\/\\\/gmedrills.com\\\/es-pe\\\/productos\\\/\"]}]},{\"@type\":\"WebSite\",\"@id\":\"https:\\\/\\\/gmedrills.com\\\/es-pe\\\/#website\",\"url\":\"https:\\\/\\\/gmedrills.com\\\/es-pe\\\/\",\"name\":\"GME\",\"description\":\"\",\"potentialAction\":[{\"@type\":\"SearchAction\",\"target\":{\"@type\":\"EntryPoint\",\"urlTemplate\":\"https:\\\/\\\/gmedrills.com\\\/es-pe\\\/?s={search_term_string}\"},\"query-input\":{\"@type\":\"PropertyValueSpecification\",\"valueRequired\":true,\"valueName\":\"search_term_string\"}}],\"inLanguage\":\"es-PE\"}]}<\/script>\n<!-- \/ Yoast SEO Premium plugin. -->","yoast_head_json":{"title":"GME - Herramientas Neum\u00e1ticas Utilizadas en la Industria Minera y de la Construcci\u00f3n en Per\u00fa","description":"GME Herramientas neum\u00e1ticas para miner\u00eda y construcci\u00f3n en Per\u00fa. \u00a1Obtenga una cotizaci\u00f3n gratuita ahora! Cont\u00e1ctenos al +51 938 146 858 o marketing@gmedrills.com.","robots":{"index":"index","follow":"follow","max-snippet":"max-snippet:-1","max-image-preview":"max-image-preview:large","max-video-preview":"max-video-preview:-1"},"canonical":"https:\/\/gmedrills.com\/es-pe\/productos\/","og_locale":"es_ES","og_type":"article","og_title":"GME - Herramientas Neum\u00e1ticas Utilizadas en la Industria Minera y de la Construcci\u00f3n en Per\u00fa","og_description":"GME Herramientas neum\u00e1ticas para miner\u00eda y construcci\u00f3n en Per\u00fa. \u00a1Obtenga una cotizaci\u00f3n gratuita ahora! Cont\u00e1ctenos al +51 938 146 858 o marketing@gmedrills.com.","og_url":"https:\/\/gmedrills.com\/es-pe\/productos\/","og_site_name":"GME","article_modified_time":"2024-06-07T06:42:25+00:00","twitter_card":"summary_large_image","twitter_misc":{"Est. reading time":"1 minuto"},"schema":{"@context":"https:\/\/schema.org","@graph":[{"@type":"WebPage","@id":"https:\/\/gmedrills.com\/es-pe\/productos\/","url":"https:\/\/gmedrills.com\/es-pe\/productos\/","name":"GME - Herramientas Neum\u00e1ticas Utilizadas en la Industria Minera y de la Construcci\u00f3n en Per\u00fa","isPartOf":{"@id":"https:\/\/gmedrills.com\/es-pe\/#website"},"datePublished":"2024-02-23T05:51:56+00:00","dateModified":"2024-06-07T06:42:25+00:00","description":"GME Herramientas neum\u00e1ticas para miner\u00eda y construcci\u00f3n en Per\u00fa. \u00a1Obtenga una cotizaci\u00f3n gratuita ahora! Cont\u00e1ctenos al +51 938 146 858 o marketing@gmedrills.com.","inLanguage":"es-PE","potentialAction":[{"@type":"ReadAction","target":["https:\/\/gmedrills.com\/es-pe\/productos\/"]}]},{"@type":"WebSite","@id":"https:\/\/gmedrills.com\/es-pe\/#website","url":"https:\/\/gmedrills.com\/es-pe\/","name":"GME","description":"","potentialAction":[{"@type":"SearchAction","target":{"@type":"EntryPoint","urlTemplate":"https:\/\/gmedrills.com\/es-pe\/?s={search_term_string}"},"query-input":{"@type":"PropertyValueSpecification","valueRequired":true,"valueName":"search_term_string"}}],"inLanguage":"es-PE"}]}},"rttpg_featured_image_url":null,"rttpg_author":{"display_name":"gmeperuadmin","author_link":"https:\/\/gmedrills.com\/es-pe\/author\/gmeperuadmin\/"},"rttpg_comment":0,"rttpg_category":null,"rttpg_excerpt":"Una herramienta confiable operada por aire comprimido juega un papel crucial en diversas fases de los proyectos de miner\u00eda y construcci\u00f3n. En GME, ofrecemos una amplia selecci\u00f3n de herramientas y equipos neum\u00e1ticos adaptados a las necesidades de la industria minera. Ya sea que est\u00e9 involucrado en la extracci\u00f3n de minerales, el trabajo de metales o&hellip;","_links":{"self":[{"href":"https:\/\/gmedrills.com\/es-pe\/wp-json\/wp\/v2\/pages\/160","targetHints":{"allow":["GET"]}}],"collection":[{"href":"https:\/\/gmedrills.com\/es-pe\/wp-json\/wp\/v2\/pages"}],"about":[{"href":"https:\/\/gmedrills.com\/es-pe\/wp-json\/wp\/v2\/types\/page"}],"author":[{"embeddable":true,"href":"https:\/\/gmedrills.com\/es-pe\/wp-json\/wp\/v2\/users\/1"}],"replies":[{"embeddable":true,"href":"https:\/\/gmedrills.com\/es-pe\/wp-json\/wp\/v2\/comments?post=160"}],"version-history":[{"count":5,"href":"https:\/\/gmedrills.com\/es-pe\/wp-json\/wp\/v2\/pages\/160\/revisions"}],"predecessor-version":[{"id":997,"href":"https:\/\/gmedrills.com\/es-pe\/wp-json\/wp\/v2\/pages\/160\/revisions\/997"}],"wp:attachment":[{"href":"https:\/\/gmedrills.com\/es-pe\/wp-json\/wp\/v2\/media?parent=160"}],"curies":[{"name":"wp","href":"https:\/\/api.w.org\/{rel}","templated":true}]}}