{"id":165,"date":"2024-02-26T04:52:28","date_gmt":"2024-02-26T04:52:28","guid":{"rendered":"https:\/\/gmedrills.com\/es-pe\/?page_id=165"},"modified":"2024-02-29T05:50:54","modified_gmt":"2024-02-29T05:50:54","slug":"applicaciones","status":"publish","type":"page","link":"https:\/\/gmedrills.com\/es-pe\/applicaciones\/","title":{"rendered":"Aplicaciones"},"content":{"rendered":"\n<p>Existe una gran demanda y utilizaci\u00f3n de herramientas neum\u00e1ticas por parte de varias industrias para diferentes utilidades como cortar metales, martillar, perforar agujeros, romper superficies, etc. Estas herramientas encuentran su m\u00e1ximo uso en la industria de la miner\u00eda y la construcci\u00f3n. Cada herramienta est\u00e1 especialmente dise\u00f1ada teniendo en cuenta una industria\/uso espec\u00edfico. Las herramientas neum\u00e1ticas tienen muchas ventajas sobre las herramientas el\u00e9ctricas. A continuaci\u00f3n se mencionan las herramientas neum\u00e1ticas para aplicaciones, fabricadas por Global Mining Equipment.<\/p>\n","protected":false},"excerpt":{"rendered":"<p>Existe una gran demanda y utilizaci\u00f3n de herramientas neum\u00e1ticas por parte de varias industrias para diferentes utilidades como cortar metales, martillar, perforar agujeros, romper superficies, etc. Estas herramientas encuentran su m\u00e1ximo uso en la industria de la miner\u00eda y la construcci\u00f3n. Cada herramienta est\u00e1 especialmente dise\u00f1ada teniendo en cuenta una industria\/uso espec\u00edfico. Las herramientas neum\u00e1ticas tienen muchas ventajas sobre las herramientas el\u00e9ctricas. A continuaci\u00f3n se mencionan las herramientas neum\u00e1ticas para aplicaciones, fabricadas por Global Mining Equipment.<\/p>\n","protected":false},"author":1,"featured_media":0,"parent":0,"menu_order":0,"comment_status":"closed","ping_status":"closed","template":"page-templete\/templete-applications.php","meta":{"footnotes":""},"class_list":["post-165","page","type-page","status-publish","hentry"],"yoast_head":"<!-- This site is optimized with the Yoast SEO Premium plugin v24.5 (Yoast SEO v27.4) - https:\/\/yoast.com\/product\/yoast-seo-premium-wordpress\/ -->\n<title>Aplicaciones - GME<\/title>\n<meta name=\"robots\" content=\"index, follow, max-snippet:-1, max-image-preview:large, max-video-preview:-1\" \/>\n<link rel=\"canonical\" href=\"https:\/\/gmedrills.com\/es-pe\/applicaciones\/\" \/>\n<meta property=\"og:locale\" content=\"es_ES\" \/>\n<meta property=\"og:type\" content=\"article\" \/>\n<meta property=\"og:title\" content=\"Aplicaciones - GME\" \/>\n<meta property=\"og:description\" content=\"Existe una gran demanda y utilizaci\u00f3n de herramientas neum\u00e1ticas por parte de varias industrias para diferentes utilidades como cortar metales, martillar, perforar agujeros, romper superficies, etc. Estas herramientas encuentran su m\u00e1ximo uso en la industria de la miner\u00eda y la construcci\u00f3n. Cada herramienta est\u00e1 especialmente dise\u00f1ada teniendo en cuenta una industria\/uso espec\u00edfico. Las herramientas neum\u00e1ticas tienen muchas ventajas sobre las herramientas el\u00e9ctricas. A continuaci\u00f3n se mencionan las herramientas neum\u00e1ticas para aplicaciones, fabricadas por Global Mining Equipment.\" \/>\n<meta property=\"og:url\" content=\"https:\/\/gmedrills.com\/es-pe\/applicaciones\/\" \/>\n<meta property=\"og:site_name\" content=\"GME\" \/>\n<meta property=\"article:modified_time\" content=\"2024-02-29T05:50:54+00:00\" \/>\n<meta name=\"twitter:card\" content=\"summary_large_image\" \/>\n<meta name=\"twitter:label1\" content=\"Est. reading time\" \/>\n\t<meta name=\"twitter:data1\" content=\"1 minuto\" \/>\n<script type=\"application\/ld+json\" class=\"yoast-schema-graph\">{\"@context\":\"https:\\\/\\\/schema.org\",\"@graph\":[{\"@type\":\"WebPage\",\"@id\":\"https:\\\/\\\/gmedrills.com\\\/es-pe\\\/applicaciones\\\/\",\"url\":\"https:\\\/\\\/gmedrills.com\\\/es-pe\\\/applicaciones\\\/\",\"name\":\"Aplicaciones - GME\",\"isPartOf\":{\"@id\":\"https:\\\/\\\/gmedrills.com\\\/es-pe\\\/#website\"},\"datePublished\":\"2024-02-26T04:52:28+00:00\",\"dateModified\":\"2024-02-29T05:50:54+00:00\",\"inLanguage\":\"es-PE\",\"potentialAction\":[{\"@type\":\"ReadAction\",\"target\":[\"https:\\\/\\\/gmedrills.com\\\/es-pe\\\/applicaciones\\\/\"]}]},{\"@type\":\"WebSite\",\"@id\":\"https:\\\/\\\/gmedrills.com\\\/es-pe\\\/#website\",\"url\":\"https:\\\/\\\/gmedrills.com\\\/es-pe\\\/\",\"name\":\"GME\",\"description\":\"\",\"potentialAction\":[{\"@type\":\"SearchAction\",\"target\":{\"@type\":\"EntryPoint\",\"urlTemplate\":\"https:\\\/\\\/gmedrills.com\\\/es-pe\\\/?s={search_term_string}\"},\"query-input\":{\"@type\":\"PropertyValueSpecification\",\"valueRequired\":true,\"valueName\":\"search_term_string\"}}],\"inLanguage\":\"es-PE\"}]}<\/script>\n<!-- \/ Yoast SEO Premium plugin. -->","yoast_head_json":{"title":"Aplicaciones - GME","robots":{"index":"index","follow":"follow","max-snippet":"max-snippet:-1","max-image-preview":"max-image-preview:large","max-video-preview":"max-video-preview:-1"},"canonical":"https:\/\/gmedrills.com\/es-pe\/applicaciones\/","og_locale":"es_ES","og_type":"article","og_title":"Aplicaciones - GME","og_description":"Existe una gran demanda y utilizaci\u00f3n de herramientas neum\u00e1ticas por parte de varias industrias para diferentes utilidades como cortar metales, martillar, perforar agujeros, romper superficies, etc. Estas herramientas encuentran su m\u00e1ximo uso en la industria de la miner\u00eda y la construcci\u00f3n. Cada herramienta est\u00e1 especialmente dise\u00f1ada teniendo en cuenta una industria\/uso espec\u00edfico. Las herramientas neum\u00e1ticas tienen muchas ventajas sobre las herramientas el\u00e9ctricas. A continuaci\u00f3n se mencionan las herramientas neum\u00e1ticas para aplicaciones, fabricadas por Global Mining Equipment.","og_url":"https:\/\/gmedrills.com\/es-pe\/applicaciones\/","og_site_name":"GME","article_modified_time":"2024-02-29T05:50:54+00:00","twitter_card":"summary_large_image","twitter_misc":{"Est. reading time":"1 minuto"},"schema":{"@context":"https:\/\/schema.org","@graph":[{"@type":"WebPage","@id":"https:\/\/gmedrills.com\/es-pe\/applicaciones\/","url":"https:\/\/gmedrills.com\/es-pe\/applicaciones\/","name":"Aplicaciones - GME","isPartOf":{"@id":"https:\/\/gmedrills.com\/es-pe\/#website"},"datePublished":"2024-02-26T04:52:28+00:00","dateModified":"2024-02-29T05:50:54+00:00","inLanguage":"es-PE","potentialAction":[{"@type":"ReadAction","target":["https:\/\/gmedrills.com\/es-pe\/applicaciones\/"]}]},{"@type":"WebSite","@id":"https:\/\/gmedrills.com\/es-pe\/#website","url":"https:\/\/gmedrills.com\/es-pe\/","name":"GME","description":"","potentialAction":[{"@type":"SearchAction","target":{"@type":"EntryPoint","urlTemplate":"https:\/\/gmedrills.com\/es-pe\/?s={search_term_string}"},"query-input":{"@type":"PropertyValueSpecification","valueRequired":true,"valueName":"search_term_string"}}],"inLanguage":"es-PE"}]}},"rttpg_featured_image_url":null,"rttpg_author":{"display_name":"gmeperuadmin","author_link":"https:\/\/gmedrills.com\/es-pe\/author\/gmeperuadmin\/"},"rttpg_comment":0,"rttpg_category":null,"rttpg_excerpt":"Existe una gran demanda y utilizaci\u00f3n de herramientas neum\u00e1ticas por parte de varias industrias para diferentes utilidades como cortar metales, martillar, perforar agujeros, romper superficies, etc. Estas herramientas encuentran su m\u00e1ximo uso en la industria de la miner\u00eda y la construcci\u00f3n. Cada herramienta est\u00e1 especialmente dise\u00f1ada teniendo en cuenta una industria\/uso espec\u00edfico. Las herramientas neum\u00e1ticas&hellip;","_links":{"self":[{"href":"https:\/\/gmedrills.com\/es-pe\/wp-json\/wp\/v2\/pages\/165","targetHints":{"allow":["GET"]}}],"collection":[{"href":"https:\/\/gmedrills.com\/es-pe\/wp-json\/wp\/v2\/pages"}],"about":[{"href":"https:\/\/gmedrills.com\/es-pe\/wp-json\/wp\/v2\/types\/page"}],"author":[{"embeddable":true,"href":"https:\/\/gmedrills.com\/es-pe\/wp-json\/wp\/v2\/users\/1"}],"replies":[{"embeddable":true,"href":"https:\/\/gmedrills.com\/es-pe\/wp-json\/wp\/v2\/comments?post=165"}],"version-history":[{"count":3,"href":"https:\/\/gmedrills.com\/es-pe\/wp-json\/wp\/v2\/pages\/165\/revisions"}],"predecessor-version":[{"id":202,"href":"https:\/\/gmedrills.com\/es-pe\/wp-json\/wp\/v2\/pages\/165\/revisions\/202"}],"wp:attachment":[{"href":"https:\/\/gmedrills.com\/es-pe\/wp-json\/wp\/v2\/media?parent=165"}],"curies":[{"name":"wp","href":"https:\/\/api.w.org\/{rel}","templated":true}]}}