{"id":213,"date":"2024-02-29T05:49:46","date_gmt":"2024-02-29T05:49:46","guid":{"rendered":"https:\/\/gmedrills.com\/es-pe\/?page_id=213"},"modified":"2024-06-07T10:28:40","modified_gmt":"2024-06-07T10:28:40","slug":"por-que-gme","status":"publish","type":"page","link":"https:\/\/gmedrills.com\/es-pe\/por-que-gme\/","title":{"rendered":"\u00bfPOR QU\u00c9 GME?"},"content":{"rendered":"\r\n<h2 class=\"wp-block-heading has-text-align-center\"><strong>Su L\u00edder Global En La Industria<\/strong><\/h2>\r\n\r\n&nbsp;\r\n\r\n<p>Global Mining Equipments (GME) se erige como un l\u00edder reconocido en la industria de la miner\u00eda y la construcci\u00f3n a nivel mundial. Nuestro alcance global se extiende a clientes satisfechos en Asia, Am\u00e9rica del Norte y Am\u00e9rica del Sur, con puntos de apoyo particularmente s\u00f3lidos en Per\u00fa y Bolivia. Utilizando aceros de aleaci\u00f3n de primera calidad y procesos de producci\u00f3n de \u00faltima generaci\u00f3n, nos dedicamos a ofrecer productos de la m\u00e1s alta calidad.<\/p>\r\n\r\n\r\n\r\n<p>85% &#8211;\u00a0 Empresas Satisfechas<br \/>80% &#8211; Clientes Felices<br \/>615 &#8211;\u00a0 \u00a0Proyecto Completados<br \/>480 &#8211;\u00a0 Cliente Satisfechas<br \/>40+ &#8211;\u00a0 Productos<\/p>\r\n\r\n\r\n\r\n<p><br \/><strong>Por qu\u00e9 la gente elige a GME como fabricante l\u00edder de herramientas para miner\u00eda<\/strong><\/p>\r\n\r\n\r\n\r\n<ol class=\"wp-block-list\">\r\n<li>Est\u00e1ndares de Calidad Asegurados<\/li>\r\n\r\n\r\n\r\n<li>Precios Asequibles Garantizados<\/li>\r\n\r\n\r\n\r\n<li>Liderando El Camino en la Fabricaci\u00f3n de Herramientas Para Miner\u00eda<\/li>\r\n\r\n\r\n\r\n<li>Equipo de Control de Calidad Dedicado<\/li>\r\n\r\n\r\n\r\n<li>Soporte Postventa Integral<\/li>\r\n<\/ol>\r\n","protected":false},"excerpt":{"rendered":"<p>Su L\u00edder Global En La Industria &nbsp; Global Mining Equipments (GME) se erige como un l\u00edder reconocido en la industria de la miner\u00eda y la construcci\u00f3n a nivel mundial. Nuestro alcance global se extiende a clientes satisfechos en Asia, Am\u00e9rica del Norte y Am\u00e9rica del Sur, con puntos de apoyo particularmente s\u00f3lidos en Per\u00fa y Bolivia. Utilizando aceros de aleaci\u00f3n de primera calidad y procesos de producci\u00f3n de \u00faltima generaci\u00f3n, nos dedicamos a ofrecer productos de la m\u00e1s alta calidad. 85% &#8211;\u00a0 Empresas Satisfechas80% &#8211; Clientes Felices615 &#8211;\u00a0 \u00a0Proyecto Completados480 &#8211;\u00a0 Cliente Satisfechas40+ &#8211;\u00a0 Productos Por qu\u00e9 la gente elige a GME como fabricante l\u00edder de herramientas para miner\u00eda<\/p>\n","protected":false},"author":1,"featured_media":0,"parent":0,"menu_order":0,"comment_status":"closed","ping_status":"closed","template":"","meta":{"footnotes":""},"class_list":["post-213","page","type-page","status-publish","hentry"],"yoast_head":"<!-- This site is optimized with the Yoast SEO Premium plugin v24.5 (Yoast SEO v27.5) - https:\/\/yoast.com\/product\/yoast-seo-premium-wordpress\/ -->\n<title>\u00bfPOR QU\u00c9 GME? - GME<\/title>\n<meta name=\"robots\" content=\"index, follow, max-snippet:-1, max-image-preview:large, max-video-preview:-1\" \/>\n<link rel=\"canonical\" href=\"https:\/\/gmedrills.com\/es-pe\/por-que-gme\/\" \/>\n<meta property=\"og:locale\" content=\"es_ES\" \/>\n<meta property=\"og:type\" content=\"article\" \/>\n<meta property=\"og:title\" content=\"\u00bfPOR QU\u00c9 GME? - GME\" \/>\n<meta property=\"og:description\" content=\"Su L\u00edder Global En La Industria &nbsp; Global Mining Equipments (GME) se erige como un l\u00edder reconocido en la industria de la miner\u00eda y la construcci\u00f3n a nivel mundial. Nuestro alcance global se extiende a clientes satisfechos en Asia, Am\u00e9rica del Norte y Am\u00e9rica del Sur, con puntos de apoyo particularmente s\u00f3lidos en Per\u00fa y Bolivia. Utilizando aceros de aleaci\u00f3n de primera calidad y procesos de producci\u00f3n de \u00faltima generaci\u00f3n, nos dedicamos a ofrecer productos de la m\u00e1s alta calidad. 85% &#8211;\u00a0 Empresas Satisfechas80% &#8211; Clientes Felices615 &#8211;\u00a0 \u00a0Proyecto Completados480 &#8211;\u00a0 Cliente Satisfechas40+ &#8211;\u00a0 Productos Por qu\u00e9 la gente elige a GME como fabricante l\u00edder de herramientas para miner\u00eda\" \/>\n<meta property=\"og:url\" content=\"https:\/\/gmedrills.com\/es-pe\/por-que-gme\/\" \/>\n<meta property=\"og:site_name\" content=\"GME\" \/>\n<meta property=\"article:modified_time\" content=\"2024-06-07T10:28:40+00:00\" \/>\n<meta name=\"twitter:card\" content=\"summary_large_image\" \/>\n<meta name=\"twitter:label1\" content=\"Est. reading time\" \/>\n\t<meta name=\"twitter:data1\" content=\"1 minuto\" \/>\n<script type=\"application\/ld+json\" class=\"yoast-schema-graph\">{\"@context\":\"https:\\\/\\\/schema.org\",\"@graph\":[{\"@type\":\"WebPage\",\"@id\":\"https:\\\/\\\/gmedrills.com\\\/es-pe\\\/por-que-gme\\\/\",\"url\":\"https:\\\/\\\/gmedrills.com\\\/es-pe\\\/por-que-gme\\\/\",\"name\":\"\u00bfPOR QU\u00c9 GME? - GME\",\"isPartOf\":{\"@id\":\"https:\\\/\\\/gmedrills.com\\\/es-pe\\\/#website\"},\"datePublished\":\"2024-02-29T05:49:46+00:00\",\"dateModified\":\"2024-06-07T10:28:40+00:00\",\"inLanguage\":\"es-PE\",\"potentialAction\":[{\"@type\":\"ReadAction\",\"target\":[\"https:\\\/\\\/gmedrills.com\\\/es-pe\\\/por-que-gme\\\/\"]}]},{\"@type\":\"WebSite\",\"@id\":\"https:\\\/\\\/gmedrills.com\\\/es-pe\\\/#website\",\"url\":\"https:\\\/\\\/gmedrills.com\\\/es-pe\\\/\",\"name\":\"GME\",\"description\":\"\",\"potentialAction\":[{\"@type\":\"SearchAction\",\"target\":{\"@type\":\"EntryPoint\",\"urlTemplate\":\"https:\\\/\\\/gmedrills.com\\\/es-pe\\\/?s={search_term_string}\"},\"query-input\":{\"@type\":\"PropertyValueSpecification\",\"valueRequired\":true,\"valueName\":\"search_term_string\"}}],\"inLanguage\":\"es-PE\"}]}<\/script>\n<!-- \/ Yoast SEO Premium plugin. -->","yoast_head_json":{"title":"\u00bfPOR QU\u00c9 GME? - GME","robots":{"index":"index","follow":"follow","max-snippet":"max-snippet:-1","max-image-preview":"max-image-preview:large","max-video-preview":"max-video-preview:-1"},"canonical":"https:\/\/gmedrills.com\/es-pe\/por-que-gme\/","og_locale":"es_ES","og_type":"article","og_title":"\u00bfPOR QU\u00c9 GME? - GME","og_description":"Su L\u00edder Global En La Industria &nbsp; Global Mining Equipments (GME) se erige como un l\u00edder reconocido en la industria de la miner\u00eda y la construcci\u00f3n a nivel mundial. Nuestro alcance global se extiende a clientes satisfechos en Asia, Am\u00e9rica del Norte y Am\u00e9rica del Sur, con puntos de apoyo particularmente s\u00f3lidos en Per\u00fa y Bolivia. Utilizando aceros de aleaci\u00f3n de primera calidad y procesos de producci\u00f3n de \u00faltima generaci\u00f3n, nos dedicamos a ofrecer productos de la m\u00e1s alta calidad. 85% &#8211;\u00a0 Empresas Satisfechas80% &#8211; Clientes Felices615 &#8211;\u00a0 \u00a0Proyecto Completados480 &#8211;\u00a0 Cliente Satisfechas40+ &#8211;\u00a0 Productos Por qu\u00e9 la gente elige a GME como fabricante l\u00edder de herramientas para miner\u00eda","og_url":"https:\/\/gmedrills.com\/es-pe\/por-que-gme\/","og_site_name":"GME","article_modified_time":"2024-06-07T10:28:40+00:00","twitter_card":"summary_large_image","twitter_misc":{"Est. reading time":"1 minuto"},"schema":{"@context":"https:\/\/schema.org","@graph":[{"@type":"WebPage","@id":"https:\/\/gmedrills.com\/es-pe\/por-que-gme\/","url":"https:\/\/gmedrills.com\/es-pe\/por-que-gme\/","name":"\u00bfPOR QU\u00c9 GME? - GME","isPartOf":{"@id":"https:\/\/gmedrills.com\/es-pe\/#website"},"datePublished":"2024-02-29T05:49:46+00:00","dateModified":"2024-06-07T10:28:40+00:00","inLanguage":"es-PE","potentialAction":[{"@type":"ReadAction","target":["https:\/\/gmedrills.com\/es-pe\/por-que-gme\/"]}]},{"@type":"WebSite","@id":"https:\/\/gmedrills.com\/es-pe\/#website","url":"https:\/\/gmedrills.com\/es-pe\/","name":"GME","description":"","potentialAction":[{"@type":"SearchAction","target":{"@type":"EntryPoint","urlTemplate":"https:\/\/gmedrills.com\/es-pe\/?s={search_term_string}"},"query-input":{"@type":"PropertyValueSpecification","valueRequired":true,"valueName":"search_term_string"}}],"inLanguage":"es-PE"}]}},"rttpg_featured_image_url":null,"rttpg_author":{"display_name":"gmeperuadmin","author_link":"https:\/\/gmedrills.com\/es-pe\/author\/gmeperuadmin\/"},"rttpg_comment":0,"rttpg_category":null,"rttpg_excerpt":"Su L\u00edder Global En La Industria &nbsp; Global Mining Equipments (GME) se erige como un l\u00edder reconocido en la industria de la miner\u00eda y la construcci\u00f3n a nivel mundial. Nuestro alcance global se extiende a clientes satisfechos en Asia, Am\u00e9rica del Norte y Am\u00e9rica del Sur, con puntos de apoyo particularmente s\u00f3lidos en Per\u00fa y&hellip;","_links":{"self":[{"href":"https:\/\/gmedrills.com\/es-pe\/wp-json\/wp\/v2\/pages\/213","targetHints":{"allow":["GET"]}}],"collection":[{"href":"https:\/\/gmedrills.com\/es-pe\/wp-json\/wp\/v2\/pages"}],"about":[{"href":"https:\/\/gmedrills.com\/es-pe\/wp-json\/wp\/v2\/types\/page"}],"author":[{"embeddable":true,"href":"https:\/\/gmedrills.com\/es-pe\/wp-json\/wp\/v2\/users\/1"}],"replies":[{"embeddable":true,"href":"https:\/\/gmedrills.com\/es-pe\/wp-json\/wp\/v2\/comments?post=213"}],"version-history":[{"count":16,"href":"https:\/\/gmedrills.com\/es-pe\/wp-json\/wp\/v2\/pages\/213\/revisions"}],"predecessor-version":[{"id":1007,"href":"https:\/\/gmedrills.com\/es-pe\/wp-json\/wp\/v2\/pages\/213\/revisions\/1007"}],"wp:attachment":[{"href":"https:\/\/gmedrills.com\/es-pe\/wp-json\/wp\/v2\/media?parent=213"}],"curies":[{"name":"wp","href":"https:\/\/api.w.org\/{rel}","templated":true}]}}