{"id":229,"date":"2024-02-29T07:44:10","date_gmt":"2024-02-29T07:44:10","guid":{"rendered":"https:\/\/gmedrills.com\/es-pe\/?page_id=229"},"modified":"2024-06-07T06:40:19","modified_gmt":"2024-06-07T06:40:19","slug":"nuestra-historia","status":"publish","type":"page","link":"https:\/\/gmedrills.com\/es-pe\/nuestra-historia\/","title":{"rendered":"Nuestra historia"},"content":{"rendered":"\r\n<p>Nuestras instalaciones de producci\u00f3n de vanguardia integran mecanizado CNC y VMC avanzado, tratamiento t\u00e9rmico de enfriamiento sellado, rectificado CNC y procesos de ensamblaje. En cada etapa, se llevan a cabo rigurosas pruebas de control de calidad metal\u00fargica, dimensional y funcional para garantizar la satisfacci\u00f3n del cliente. Cada procedimiento de fabricaci\u00f3n est\u00e1 meticulosamente definido por ingenieros experimentados y ejecutado por operadores capacitados. Con un equipo de ingenier\u00eda confiable y experto en el desarrollo de piezas nuevas, participamos activamente en la fabricaci\u00f3n por contrato para nuestros clientes en todo el mundo.<\/p>\r\n\r\n\r\n\r\n<figure class=\"wp-block-image size-large\"><img fetchpriority=\"high\" decoding=\"async\" width=\"1024\" height=\"294\" class=\"wp-image-232\" src=\"https:\/\/gmedrills.com\/es-pe\/wp-content\/uploads\/2024\/02\/cnc-1024x294.png\" alt=\"\" srcset=\"https:\/\/gmedrills.com\/es-pe\/wp-content\/uploads\/2024\/02\/cnc-1024x294.png 1024w, https:\/\/gmedrills.com\/es-pe\/wp-content\/uploads\/2024\/02\/cnc-300x86.png 300w, https:\/\/gmedrills.com\/es-pe\/wp-content\/uploads\/2024\/02\/cnc-768x220.png 768w, https:\/\/gmedrills.com\/es-pe\/wp-content\/uploads\/2024\/02\/cnc.png 1388w\" sizes=\"(max-width: 1024px) 100vw, 1024px\" \/><\/figure>\r\n\r\n\r\n\r\n<figure class=\"wp-block-image size-large\"><img decoding=\"async\" width=\"1024\" height=\"303\" class=\"wp-image-231\" src=\"https:\/\/gmedrills.com\/es-pe\/wp-content\/uploads\/2024\/02\/cnc-assembly-1024x303.png\" alt=\"\" srcset=\"https:\/\/gmedrills.com\/es-pe\/wp-content\/uploads\/2024\/02\/cnc-assembly-1024x303.png 1024w, https:\/\/gmedrills.com\/es-pe\/wp-content\/uploads\/2024\/02\/cnc-assembly-300x89.png 300w, https:\/\/gmedrills.com\/es-pe\/wp-content\/uploads\/2024\/02\/cnc-assembly-768x227.png 768w, https:\/\/gmedrills.com\/es-pe\/wp-content\/uploads\/2024\/02\/cnc-assembly.png 1397w\" sizes=\"(max-width: 1024px) 100vw, 1024px\" \/><\/figure>\r\n\r\n\r\n\r\n<figure class=\"wp-block-image size-large\"><img decoding=\"async\" width=\"1024\" height=\"294\" class=\"wp-image-230\" src=\"https:\/\/gmedrills.com\/es-pe\/wp-content\/uploads\/2024\/02\/quality-control-1024x294.png\" alt=\"\" srcset=\"https:\/\/gmedrills.com\/es-pe\/wp-content\/uploads\/2024\/02\/quality-control-1024x294.png 1024w, https:\/\/gmedrills.com\/es-pe\/wp-content\/uploads\/2024\/02\/quality-control-300x86.png 300w, https:\/\/gmedrills.com\/es-pe\/wp-content\/uploads\/2024\/02\/quality-control-768x220.png 768w, https:\/\/gmedrills.com\/es-pe\/wp-content\/uploads\/2024\/02\/quality-control.png 1394w\" sizes=\"(max-width: 1024px) 100vw, 1024px\" \/><\/figure>\r\n","protected":false},"excerpt":{"rendered":"<p>Nuestras instalaciones de producci\u00f3n de vanguardia integran mecanizado CNC y VMC avanzado, tratamiento t\u00e9rmico de enfriamiento sellado, rectificado CNC y procesos de ensamblaje. En cada etapa, se llevan a cabo rigurosas pruebas de control de calidad metal\u00fargica, dimensional y funcional para garantizar la satisfacci\u00f3n del cliente. Cada procedimiento de fabricaci\u00f3n est\u00e1 meticulosamente definido por ingenieros experimentados y ejecutado por operadores capacitados. Con un equipo de ingenier\u00eda confiable y experto en el desarrollo de piezas nuevas, participamos activamente en la fabricaci\u00f3n por contrato para nuestros clientes en todo el mundo.<\/p>\n","protected":false},"author":1,"featured_media":0,"parent":0,"menu_order":0,"comment_status":"closed","ping_status":"closed","template":"","meta":{"footnotes":""},"class_list":["post-229","page","type-page","status-publish","hentry"],"yoast_head":"<!-- This site is optimized with the Yoast SEO Premium plugin v24.5 (Yoast SEO v27.4) - https:\/\/yoast.com\/product\/yoast-seo-premium-wordpress\/ -->\n<title>Nuestra historia - GME<\/title>\n<meta name=\"robots\" content=\"index, follow, max-snippet:-1, max-image-preview:large, max-video-preview:-1\" \/>\n<link rel=\"canonical\" href=\"https:\/\/gmedrills.com\/es-pe\/nuestra-historia\/\" \/>\n<meta property=\"og:locale\" content=\"es_ES\" \/>\n<meta property=\"og:type\" content=\"article\" \/>\n<meta property=\"og:title\" content=\"Nuestra historia - GME\" \/>\n<meta property=\"og:description\" content=\"Nuestras instalaciones de producci\u00f3n de vanguardia integran mecanizado CNC y VMC avanzado, tratamiento t\u00e9rmico de enfriamiento sellado, rectificado CNC y procesos de ensamblaje. En cada etapa, se llevan a cabo rigurosas pruebas de control de calidad metal\u00fargica, dimensional y funcional para garantizar la satisfacci\u00f3n del cliente. Cada procedimiento de fabricaci\u00f3n est\u00e1 meticulosamente definido por ingenieros experimentados y ejecutado por operadores capacitados. Con un equipo de ingenier\u00eda confiable y experto en el desarrollo de piezas nuevas, participamos activamente en la fabricaci\u00f3n por contrato para nuestros clientes en todo el mundo.\" \/>\n<meta property=\"og:url\" content=\"https:\/\/gmedrills.com\/es-pe\/nuestra-historia\/\" \/>\n<meta property=\"og:site_name\" content=\"GME\" \/>\n<meta property=\"article:modified_time\" content=\"2024-06-07T06:40:19+00:00\" \/>\n<meta property=\"og:image\" content=\"https:\/\/gmedrills.com\/es-pe\/wp-content\/uploads\/2024\/02\/cnc-1024x294.png\" \/>\n<meta name=\"twitter:card\" content=\"summary_large_image\" \/>\n<meta name=\"twitter:label1\" content=\"Est. reading time\" \/>\n\t<meta name=\"twitter:data1\" content=\"1 minuto\" \/>\n<script type=\"application\/ld+json\" class=\"yoast-schema-graph\">{\"@context\":\"https:\\\/\\\/schema.org\",\"@graph\":[{\"@type\":\"WebPage\",\"@id\":\"https:\\\/\\\/gmedrills.com\\\/es-pe\\\/nuestra-historia\\\/\",\"url\":\"https:\\\/\\\/gmedrills.com\\\/es-pe\\\/nuestra-historia\\\/\",\"name\":\"Nuestra historia - GME\",\"isPartOf\":{\"@id\":\"https:\\\/\\\/gmedrills.com\\\/es-pe\\\/#website\"},\"primaryImageOfPage\":{\"@id\":\"https:\\\/\\\/gmedrills.com\\\/es-pe\\\/nuestra-historia\\\/#primaryimage\"},\"image\":{\"@id\":\"https:\\\/\\\/gmedrills.com\\\/es-pe\\\/nuestra-historia\\\/#primaryimage\"},\"thumbnailUrl\":\"https:\\\/\\\/gmedrills.com\\\/es-pe\\\/wp-content\\\/uploads\\\/2024\\\/02\\\/cnc-1024x294.png\",\"datePublished\":\"2024-02-29T07:44:10+00:00\",\"dateModified\":\"2024-06-07T06:40:19+00:00\",\"inLanguage\":\"es-PE\",\"potentialAction\":[{\"@type\":\"ReadAction\",\"target\":[\"https:\\\/\\\/gmedrills.com\\\/es-pe\\\/nuestra-historia\\\/\"]}]},{\"@type\":\"ImageObject\",\"inLanguage\":\"es-PE\",\"@id\":\"https:\\\/\\\/gmedrills.com\\\/es-pe\\\/nuestra-historia\\\/#primaryimage\",\"url\":\"https:\\\/\\\/gmedrills.com\\\/es-pe\\\/wp-content\\\/uploads\\\/2024\\\/02\\\/cnc.png\",\"contentUrl\":\"https:\\\/\\\/gmedrills.com\\\/es-pe\\\/wp-content\\\/uploads\\\/2024\\\/02\\\/cnc.png\",\"width\":1388,\"height\":398},{\"@type\":\"WebSite\",\"@id\":\"https:\\\/\\\/gmedrills.com\\\/es-pe\\\/#website\",\"url\":\"https:\\\/\\\/gmedrills.com\\\/es-pe\\\/\",\"name\":\"GME\",\"description\":\"\",\"potentialAction\":[{\"@type\":\"SearchAction\",\"target\":{\"@type\":\"EntryPoint\",\"urlTemplate\":\"https:\\\/\\\/gmedrills.com\\\/es-pe\\\/?s={search_term_string}\"},\"query-input\":{\"@type\":\"PropertyValueSpecification\",\"valueRequired\":true,\"valueName\":\"search_term_string\"}}],\"inLanguage\":\"es-PE\"}]}<\/script>\n<!-- \/ Yoast SEO Premium plugin. -->","yoast_head_json":{"title":"Nuestra historia - GME","robots":{"index":"index","follow":"follow","max-snippet":"max-snippet:-1","max-image-preview":"max-image-preview:large","max-video-preview":"max-video-preview:-1"},"canonical":"https:\/\/gmedrills.com\/es-pe\/nuestra-historia\/","og_locale":"es_ES","og_type":"article","og_title":"Nuestra historia - GME","og_description":"Nuestras instalaciones de producci\u00f3n de vanguardia integran mecanizado CNC y VMC avanzado, tratamiento t\u00e9rmico de enfriamiento sellado, rectificado CNC y procesos de ensamblaje. En cada etapa, se llevan a cabo rigurosas pruebas de control de calidad metal\u00fargica, dimensional y funcional para garantizar la satisfacci\u00f3n del cliente. Cada procedimiento de fabricaci\u00f3n est\u00e1 meticulosamente definido por ingenieros experimentados y ejecutado por operadores capacitados. Con un equipo de ingenier\u00eda confiable y experto en el desarrollo de piezas nuevas, participamos activamente en la fabricaci\u00f3n por contrato para nuestros clientes en todo el mundo.","og_url":"https:\/\/gmedrills.com\/es-pe\/nuestra-historia\/","og_site_name":"GME","article_modified_time":"2024-06-07T06:40:19+00:00","og_image":[{"url":"https:\/\/gmedrills.com\/es-pe\/wp-content\/uploads\/2024\/02\/cnc-1024x294.png","type":"","width":"","height":""}],"twitter_card":"summary_large_image","twitter_misc":{"Est. reading time":"1 minuto"},"schema":{"@context":"https:\/\/schema.org","@graph":[{"@type":"WebPage","@id":"https:\/\/gmedrills.com\/es-pe\/nuestra-historia\/","url":"https:\/\/gmedrills.com\/es-pe\/nuestra-historia\/","name":"Nuestra historia - GME","isPartOf":{"@id":"https:\/\/gmedrills.com\/es-pe\/#website"},"primaryImageOfPage":{"@id":"https:\/\/gmedrills.com\/es-pe\/nuestra-historia\/#primaryimage"},"image":{"@id":"https:\/\/gmedrills.com\/es-pe\/nuestra-historia\/#primaryimage"},"thumbnailUrl":"https:\/\/gmedrills.com\/es-pe\/wp-content\/uploads\/2024\/02\/cnc-1024x294.png","datePublished":"2024-02-29T07:44:10+00:00","dateModified":"2024-06-07T06:40:19+00:00","inLanguage":"es-PE","potentialAction":[{"@type":"ReadAction","target":["https:\/\/gmedrills.com\/es-pe\/nuestra-historia\/"]}]},{"@type":"ImageObject","inLanguage":"es-PE","@id":"https:\/\/gmedrills.com\/es-pe\/nuestra-historia\/#primaryimage","url":"https:\/\/gmedrills.com\/es-pe\/wp-content\/uploads\/2024\/02\/cnc.png","contentUrl":"https:\/\/gmedrills.com\/es-pe\/wp-content\/uploads\/2024\/02\/cnc.png","width":1388,"height":398},{"@type":"WebSite","@id":"https:\/\/gmedrills.com\/es-pe\/#website","url":"https:\/\/gmedrills.com\/es-pe\/","name":"GME","description":"","potentialAction":[{"@type":"SearchAction","target":{"@type":"EntryPoint","urlTemplate":"https:\/\/gmedrills.com\/es-pe\/?s={search_term_string}"},"query-input":{"@type":"PropertyValueSpecification","valueRequired":true,"valueName":"search_term_string"}}],"inLanguage":"es-PE"}]}},"rttpg_featured_image_url":null,"rttpg_author":{"display_name":"gmeperuadmin","author_link":"https:\/\/gmedrills.com\/es-pe\/author\/gmeperuadmin\/"},"rttpg_comment":0,"rttpg_category":null,"rttpg_excerpt":"Nuestras instalaciones de producci\u00f3n de vanguardia integran mecanizado CNC y VMC avanzado, tratamiento t\u00e9rmico de enfriamiento sellado, rectificado CNC y procesos de ensamblaje. En cada etapa, se llevan a cabo rigurosas pruebas de control de calidad metal\u00fargica, dimensional y funcional para garantizar la satisfacci\u00f3n del cliente. Cada procedimiento de fabricaci\u00f3n est\u00e1 meticulosamente definido por ingenieros&hellip;","_links":{"self":[{"href":"https:\/\/gmedrills.com\/es-pe\/wp-json\/wp\/v2\/pages\/229","targetHints":{"allow":["GET"]}}],"collection":[{"href":"https:\/\/gmedrills.com\/es-pe\/wp-json\/wp\/v2\/pages"}],"about":[{"href":"https:\/\/gmedrills.com\/es-pe\/wp-json\/wp\/v2\/types\/page"}],"author":[{"embeddable":true,"href":"https:\/\/gmedrills.com\/es-pe\/wp-json\/wp\/v2\/users\/1"}],"replies":[{"embeddable":true,"href":"https:\/\/gmedrills.com\/es-pe\/wp-json\/wp\/v2\/comments?post=229"}],"version-history":[{"count":2,"href":"https:\/\/gmedrills.com\/es-pe\/wp-json\/wp\/v2\/pages\/229\/revisions"}],"predecessor-version":[{"id":995,"href":"https:\/\/gmedrills.com\/es-pe\/wp-json\/wp\/v2\/pages\/229\/revisions\/995"}],"wp:attachment":[{"href":"https:\/\/gmedrills.com\/es-pe\/wp-json\/wp\/v2\/media?parent=229"}],"curies":[{"name":"wp","href":"https:\/\/api.w.org\/{rel}","templated":true}]}}