{"id":894,"date":"2024-06-05T04:21:48","date_gmt":"2024-06-05T04:21:48","guid":{"rendered":"https:\/\/gmedrills.com\/es-pe\/?page_id=894"},"modified":"2024-07-17T07:28:15","modified_gmt":"2024-07-17T07:28:15","slug":"career","status":"publish","type":"page","link":"https:\/\/gmedrills.com\/es-pe\/carrera\/","title":{"rendered":"Carrera"},"content":{"rendered":"<h2><strong>\u00a1Unete a Nuestro Equipo!<\/strong><\/h2>\n<p>En GME, nos esforzamos continuamente por alcanzar la excelencia en la industria minera, brindando productos de alta calidad y soluciones innovadoras seg\u00fan los requisitos de nuestros clientes. Nuestro \u00e9xito se basa en la dedicaci\u00f3n y la experiencia de nuestro equipo. Siempre estamos buscando personas talentosas y apasionadas que se unan a nosotros para elevar el list\u00f3n cada d\u00eda.<\/p>\n<p>Si est\u00e1 buscando una carrera din\u00e1mica y gratificante en la floreciente industria minera peruana, \u00a1GME es el lugar para usted! Ofrecemos un ambiente de trabajo de apoyo, oportunidades de crecimiento profesional y la posibilidad de trabajar en proyectos interesantes que marcan la diferencia. \u00a1Explore nuestras vacantes actuales y convi\u00e9rtase en parte de nuestra creciente familia hoy!Oportunidades corrientes<\/p>\n<h4 style=\"margin-bottom: 20px;\">\u00bfPor Qu\u00e9 Trabajar con Nosotras?<\/h4>\n<ul>\n<li><strong>Entorno Innovador:<\/strong> Sea parte de un equipo que abraza la innovaci\u00f3n y la tecnolog\u00eda de punta.<\/li>\n<li><strong>Colaboraci\u00f3n en Equipo:<\/strong> Trabaje junto a profesionales experimentados en un entorno colaborativo e inclusivo.<\/li>\n<li><strong>Trabajo Impactante:<\/strong>Idear e impulsar proyectos que tengan un impacto significativo en la industria minera peruana.<\/li>\n<\/ul>\n<p>&nbsp;<\/p>\n<h4 style=\"margin-bottom: 20px;\">Oportunidades Corrientes<\/h4>\n<ul>\n<li><a href=\"https:\/\/gmedrills.com\/es-pe\/representante-de-ventas\/\"><strong>Miner\u00eda Subterr\u00e1nea Representante de Ventas<\/strong><\/a><\/li>\n<li><a>T\u00e9cnicos Mec\u00e1nicos<\/a><\/li>\n<li><a>Responsable de Almac\u00e9n<\/a><\/li>\n<\/ul>\n<p>&nbsp;<\/p>\n\n<div class=\"wpcf7 no-js\" id=\"wpcf7-f816-o1\" lang=\"en-US\" dir=\"ltr\" data-wpcf7-id=\"816\">\n<div class=\"screen-reader-response\"><p role=\"status\" aria-live=\"polite\" aria-atomic=\"true\"><\/p> <ul><\/ul><\/div>\n<form action=\"\/es-pe\/wp-json\/wp\/v2\/pages\/894#wpcf7-f816-o1\" method=\"post\" class=\"wpcf7-form init\" aria-label=\"Contact form\" novalidate=\"novalidate\" data-status=\"init\">\n<fieldset class=\"hidden-fields-container\"><input type=\"hidden\" name=\"_wpcf7\" value=\"816\" \/><input type=\"hidden\" name=\"_wpcf7_version\" value=\"6.1.5\" \/><input type=\"hidden\" name=\"_wpcf7_locale\" value=\"en_US\" \/><input type=\"hidden\" name=\"_wpcf7_unit_tag\" value=\"wpcf7-f816-o1\" \/><input type=\"hidden\" name=\"_wpcf7_container_post\" value=\"0\" \/><input type=\"hidden\" name=\"_wpcf7_posted_data_hash\" value=\"\" \/><input type=\"hidden\" name=\"_wpcf7_recaptcha_response\" value=\"\" \/>\n<\/fieldset>\n<div class=\"row\">\n\t<div class=\"col-12 col-md-4 mb-3\">\n\t\t<p><span class=\"wpcf7-form-control-wrap\" data-name=\"FirstName\"><input size=\"40\" maxlength=\"400\" class=\"wpcf7-form-control wpcf7-text wpcf7-validates-as-required form-control\" aria-required=\"true\" aria-invalid=\"false\" placeholder=\"Nombre\" value=\"\" type=\"text\" name=\"FirstName\" \/><\/span>\n\t\t<\/p>\n\t<\/div>\n\t<div class=\"col-12 col-md-4 mb-3\">\n\t\t<p><span class=\"wpcf7-form-control-wrap\" data-name=\"Email\"><input size=\"40\" maxlength=\"400\" class=\"wpcf7-form-control wpcf7-email wpcf7-validates-as-required wpcf7-text wpcf7-validates-as-email form-control\" aria-required=\"true\" aria-invalid=\"false\" placeholder=\"Correo electr\u00f3nico\" value=\"\" type=\"email\" name=\"Email\" \/><\/span>\n\t\t<\/p>\n\t<\/div>\n\t<div class=\"col-12 col-md-4 mb-3\">\n\t\t<p><span class=\"wpcf7-form-control-wrap\" data-name=\"PhoneNumber\"><input size=\"40\" maxlength=\"400\" class=\"wpcf7-form-control wpcf7-tel wpcf7-validates-as-required wpcf7-text wpcf7-validates-as-tel form-control\" aria-required=\"true\" aria-invalid=\"false\" placeholder=\"N\u00famero de tel\u00e9fono\" value=\"\" type=\"tel\" name=\"PhoneNumber\" \/><\/span>\n\t\t<\/p>\n\t<\/div>\n\t<div class=\"col-12 col-md-6 mb-3\">\n\t\t<p><span class=\"wpcf7-form-control-wrap\" data-name=\"Address\"><input size=\"40\" maxlength=\"400\" class=\"wpcf7-form-control wpcf7-text form-control\" aria-invalid=\"false\" placeholder=\"Ubicaci\u00f3n\" value=\"\" type=\"text\" name=\"Address\" \/><\/span>\n\t\t<\/p>\n\t<\/div>\n\t<div class=\"col-12 col-md-6 mb-3\">\n\t\t<p><span class=\"wpcf7-form-control-wrap\" data-name=\"Position\"><input size=\"40\" maxlength=\"400\" class=\"wpcf7-form-control wpcf7-text wpcf7-validates-as-required form-control\" aria-required=\"true\" aria-invalid=\"false\" placeholder=\"Puesto solicitado\" value=\"\" type=\"text\" name=\"Position\" \/><\/span>\n\t\t<\/p>\n\t<\/div>\n\t<div class=\"col-12 col-md-6 mb-3\">\n\t\t<p><span class=\"wpcf7-form-control-wrap\" data-name=\"experience\"><input size=\"40\" maxlength=\"400\" class=\"wpcf7-form-control wpcf7-text wpcf7-validates-as-required form-control\" aria-required=\"true\" aria-invalid=\"false\" placeholder=\"Experiencia total (en a\u00f1os)\" value=\"\" type=\"text\" name=\"experience\" \/><\/span>\n\t\t<\/p>\n\t<\/div>\n\t<div class=\"col-12 col-md-6 mb-3\">\n\t\t<p><span class=\"wpcf7-form-control-wrap\" data-name=\"Currentorganisation\"><input size=\"40\" maxlength=\"400\" class=\"wpcf7-form-control wpcf7-text wpcf7-validates-as-required form-control\" aria-required=\"true\" aria-invalid=\"false\" placeholder=\"Organizaci\u00f3n actual\" value=\"\" type=\"text\" name=\"Currentorganisation\" \/><\/span>\n\t\t<\/p>\n\t<\/div>\n\t<div class=\"col-12 col-md-6 mb-3\">\n\t\t<p><span class=\"wpcf7-form-control-wrap\" data-name=\"currentdesignation\"><input size=\"40\" maxlength=\"400\" class=\"wpcf7-form-control wpcf7-text wpcf7-validates-as-required form-control\" aria-required=\"true\" aria-invalid=\"false\" placeholder=\"Designaci\u00f3n actual\" value=\"\" type=\"text\" name=\"currentdesignation\" \/><\/span>\n\t\t<\/p>\n\t<\/div>\n\t<div class=\"col-12 col-md-6 mb-3\">\n\t\t<p><span class=\"wpcf7-form-control-wrap\" data-name=\"Currentsalary\"><input size=\"40\" maxlength=\"400\" class=\"wpcf7-form-control wpcf7-text form-control\" aria-invalid=\"false\" placeholder=\"Salario actual\" value=\"\" type=\"text\" name=\"Currentsalary\" \/><\/span>\n\t\t<\/p>\n\t<\/div>\n\t<div class=\"col-12 col-md-6 mb-3\">\n\t\t<p><span class=\"wpcf7-form-control-wrap\" data-name=\"expectedsalary\"><input size=\"40\" maxlength=\"400\" class=\"wpcf7-form-control wpcf7-text form-control\" aria-invalid=\"false\" placeholder=\"Sueldo esperado\" value=\"\" type=\"text\" name=\"expectedsalary\" \/><\/span>\n\t\t<\/p>\n\t<\/div>\n\t<div class=\"col-12\">\n\t\t<p><input class=\"wpcf7-form-control wpcf7-submit has-spinner btn btn-success\" type=\"submit\" value=\"Enviar peticion\" \/>\n\t\t<\/p>\n\t<\/div>\n<\/div><div class=\"wpcf7-response-output\" aria-hidden=\"true\"><\/div>\n<\/form>\n<\/div>\n\n","protected":false},"excerpt":{"rendered":"<p>\u00a1Unete a Nuestro Equipo! En GME, nos esforzamos continuamente por alcanzar la excelencia en la industria minera, brindando productos de alta calidad y soluciones innovadoras seg\u00fan los requisitos de nuestros clientes. Nuestro \u00e9xito se basa en la dedicaci\u00f3n y la experiencia de nuestro equipo. Siempre estamos buscando personas talentosas y apasionadas que se unan a nosotros para elevar el list\u00f3n cada d\u00eda. Si est\u00e1 buscando una carrera din\u00e1mica y gratificante en la floreciente industria minera peruana, \u00a1GME es el lugar para usted! Ofrecemos un ambiente de trabajo de apoyo, oportunidades de crecimiento profesional y la posibilidad de trabajar en proyectos interesantes que marcan la diferencia. \u00a1Explore nuestras vacantes actuales y convi\u00e9rtase en parte de nuestra creciente familia hoy!Oportunidades corrientes \u00bfPor Qu\u00e9 Trabajar con Nosotras? Entorno Innovador: Sea parte de un equipo que abraza la innovaci\u00f3n y la tecnolog\u00eda de punta. Colaboraci\u00f3n en Equipo: Trabaje junto a profesionales experimentados en un entorno colaborativo e inclusivo. Trabajo Impactante:Idear e impulsar proyectos que tengan un impacto significativo en la industria minera peruana. &nbsp; Oportunidades Corrientes Miner\u00eda Subterr\u00e1nea Representante de Ventas T\u00e9cnicos Mec\u00e1nicos Responsable de Almac\u00e9n &nbsp;<\/p>\n","protected":false},"author":1,"featured_media":0,"parent":0,"menu_order":0,"comment_status":"closed","ping_status":"closed","template":"","meta":{"footnotes":""},"class_list":["post-894","page","type-page","status-publish","hentry"],"yoast_head":"<!-- This site is optimized with the Yoast SEO Premium plugin v24.5 (Yoast SEO v27.4) - https:\/\/yoast.com\/product\/yoast-seo-premium-wordpress\/ -->\n<title>Carrera - GME<\/title>\n<meta name=\"robots\" content=\"index, follow, max-snippet:-1, max-image-preview:large, max-video-preview:-1\" \/>\n<link rel=\"canonical\" href=\"https:\/\/gmedrills.com\/es-pe\/carrera\/\" \/>\n<meta property=\"og:locale\" content=\"es_ES\" \/>\n<meta property=\"og:type\" content=\"article\" \/>\n<meta property=\"og:title\" content=\"Carrera - GME\" \/>\n<meta property=\"og:description\" content=\"\u00a1Unete a Nuestro Equipo! En GME, nos esforzamos continuamente por alcanzar la excelencia en la industria minera, brindando productos de alta calidad y soluciones innovadoras seg\u00fan los requisitos de nuestros clientes. Nuestro \u00e9xito se basa en la dedicaci\u00f3n y la experiencia de nuestro equipo. Siempre estamos buscando personas talentosas y apasionadas que se unan a nosotros para elevar el list\u00f3n cada d\u00eda. Si est\u00e1 buscando una carrera din\u00e1mica y gratificante en la floreciente industria minera peruana, \u00a1GME es el lugar para usted! Ofrecemos un ambiente de trabajo de apoyo, oportunidades de crecimiento profesional y la posibilidad de trabajar en proyectos interesantes que marcan la diferencia. \u00a1Explore nuestras vacantes actuales y convi\u00e9rtase en parte de nuestra creciente familia hoy!Oportunidades corrientes \u00bfPor Qu\u00e9 Trabajar con Nosotras? Entorno Innovador: Sea parte de un equipo que abraza la innovaci\u00f3n y la tecnolog\u00eda de punta. Colaboraci\u00f3n en Equipo: Trabaje junto a profesionales experimentados en un entorno colaborativo e inclusivo. Trabajo Impactante:Idear e impulsar proyectos que tengan un impacto significativo en la industria minera peruana. &nbsp; Oportunidades Corrientes Miner\u00eda Subterr\u00e1nea Representante de Ventas T\u00e9cnicos Mec\u00e1nicos Responsable de Almac\u00e9n &nbsp;\" \/>\n<meta property=\"og:url\" content=\"https:\/\/gmedrills.com\/es-pe\/carrera\/\" \/>\n<meta property=\"og:site_name\" content=\"GME\" \/>\n<meta property=\"article:modified_time\" content=\"2024-07-17T07:28:15+00:00\" \/>\n<meta name=\"twitter:card\" content=\"summary_large_image\" \/>\n<meta name=\"twitter:label1\" content=\"Est. reading time\" \/>\n\t<meta name=\"twitter:data1\" content=\"1 minuto\" \/>\n<script type=\"application\/ld+json\" class=\"yoast-schema-graph\">{\"@context\":\"https:\\\/\\\/schema.org\",\"@graph\":[{\"@type\":\"WebPage\",\"@id\":\"https:\\\/\\\/gmedrills.com\\\/es-pe\\\/carrera\\\/\",\"url\":\"https:\\\/\\\/gmedrills.com\\\/es-pe\\\/carrera\\\/\",\"name\":\"Carrera - GME\",\"isPartOf\":{\"@id\":\"https:\\\/\\\/gmedrills.com\\\/es-pe\\\/#website\"},\"datePublished\":\"2024-06-05T04:21:48+00:00\",\"dateModified\":\"2024-07-17T07:28:15+00:00\",\"inLanguage\":\"es-PE\",\"potentialAction\":[{\"@type\":\"ReadAction\",\"target\":[\"https:\\\/\\\/gmedrills.com\\\/es-pe\\\/carrera\\\/\"]}]},{\"@type\":\"WebSite\",\"@id\":\"https:\\\/\\\/gmedrills.com\\\/es-pe\\\/#website\",\"url\":\"https:\\\/\\\/gmedrills.com\\\/es-pe\\\/\",\"name\":\"GME\",\"description\":\"\",\"potentialAction\":[{\"@type\":\"SearchAction\",\"target\":{\"@type\":\"EntryPoint\",\"urlTemplate\":\"https:\\\/\\\/gmedrills.com\\\/es-pe\\\/?s={search_term_string}\"},\"query-input\":{\"@type\":\"PropertyValueSpecification\",\"valueRequired\":true,\"valueName\":\"search_term_string\"}}],\"inLanguage\":\"es-PE\"}]}<\/script>\n<!-- \/ Yoast SEO Premium plugin. -->","yoast_head_json":{"title":"Carrera - GME","robots":{"index":"index","follow":"follow","max-snippet":"max-snippet:-1","max-image-preview":"max-image-preview:large","max-video-preview":"max-video-preview:-1"},"canonical":"https:\/\/gmedrills.com\/es-pe\/carrera\/","og_locale":"es_ES","og_type":"article","og_title":"Carrera - GME","og_description":"\u00a1Unete a Nuestro Equipo! En GME, nos esforzamos continuamente por alcanzar la excelencia en la industria minera, brindando productos de alta calidad y soluciones innovadoras seg\u00fan los requisitos de nuestros clientes. Nuestro \u00e9xito se basa en la dedicaci\u00f3n y la experiencia de nuestro equipo. Siempre estamos buscando personas talentosas y apasionadas que se unan a nosotros para elevar el list\u00f3n cada d\u00eda. Si est\u00e1 buscando una carrera din\u00e1mica y gratificante en la floreciente industria minera peruana, \u00a1GME es el lugar para usted! Ofrecemos un ambiente de trabajo de apoyo, oportunidades de crecimiento profesional y la posibilidad de trabajar en proyectos interesantes que marcan la diferencia. \u00a1Explore nuestras vacantes actuales y convi\u00e9rtase en parte de nuestra creciente familia hoy!Oportunidades corrientes \u00bfPor Qu\u00e9 Trabajar con Nosotras? Entorno Innovador: Sea parte de un equipo que abraza la innovaci\u00f3n y la tecnolog\u00eda de punta. Colaboraci\u00f3n en Equipo: Trabaje junto a profesionales experimentados en un entorno colaborativo e inclusivo. Trabajo Impactante:Idear e impulsar proyectos que tengan un impacto significativo en la industria minera peruana. &nbsp; Oportunidades Corrientes Miner\u00eda Subterr\u00e1nea Representante de Ventas T\u00e9cnicos Mec\u00e1nicos Responsable de Almac\u00e9n &nbsp;","og_url":"https:\/\/gmedrills.com\/es-pe\/carrera\/","og_site_name":"GME","article_modified_time":"2024-07-17T07:28:15+00:00","twitter_card":"summary_large_image","twitter_misc":{"Est. reading time":"1 minuto"},"schema":{"@context":"https:\/\/schema.org","@graph":[{"@type":"WebPage","@id":"https:\/\/gmedrills.com\/es-pe\/carrera\/","url":"https:\/\/gmedrills.com\/es-pe\/carrera\/","name":"Carrera - GME","isPartOf":{"@id":"https:\/\/gmedrills.com\/es-pe\/#website"},"datePublished":"2024-06-05T04:21:48+00:00","dateModified":"2024-07-17T07:28:15+00:00","inLanguage":"es-PE","potentialAction":[{"@type":"ReadAction","target":["https:\/\/gmedrills.com\/es-pe\/carrera\/"]}]},{"@type":"WebSite","@id":"https:\/\/gmedrills.com\/es-pe\/#website","url":"https:\/\/gmedrills.com\/es-pe\/","name":"GME","description":"","potentialAction":[{"@type":"SearchAction","target":{"@type":"EntryPoint","urlTemplate":"https:\/\/gmedrills.com\/es-pe\/?s={search_term_string}"},"query-input":{"@type":"PropertyValueSpecification","valueRequired":true,"valueName":"search_term_string"}}],"inLanguage":"es-PE"}]}},"rttpg_featured_image_url":null,"rttpg_author":{"display_name":"gmeperuadmin","author_link":"https:\/\/gmedrills.com\/es-pe\/author\/gmeperuadmin\/"},"rttpg_comment":0,"rttpg_category":null,"rttpg_excerpt":"\u00a1Unete a Nuestro Equipo! En GME, nos esforzamos continuamente por alcanzar la excelencia en la industria minera, brindando productos de alta calidad y soluciones innovadoras seg\u00fan los requisitos de nuestros clientes. Nuestro \u00e9xito se basa en la dedicaci\u00f3n y la experiencia de nuestro equipo. Siempre estamos buscando personas talentosas y apasionadas que se unan a&hellip;","_links":{"self":[{"href":"https:\/\/gmedrills.com\/es-pe\/wp-json\/wp\/v2\/pages\/894","targetHints":{"allow":["GET"]}}],"collection":[{"href":"https:\/\/gmedrills.com\/es-pe\/wp-json\/wp\/v2\/pages"}],"about":[{"href":"https:\/\/gmedrills.com\/es-pe\/wp-json\/wp\/v2\/types\/page"}],"author":[{"embeddable":true,"href":"https:\/\/gmedrills.com\/es-pe\/wp-json\/wp\/v2\/users\/1"}],"replies":[{"embeddable":true,"href":"https:\/\/gmedrills.com\/es-pe\/wp-json\/wp\/v2\/comments?post=894"}],"version-history":[{"count":26,"href":"https:\/\/gmedrills.com\/es-pe\/wp-json\/wp\/v2\/pages\/894\/revisions"}],"predecessor-version":[{"id":2430,"href":"https:\/\/gmedrills.com\/es-pe\/wp-json\/wp\/v2\/pages\/894\/revisions\/2430"}],"wp:attachment":[{"href":"https:\/\/gmedrills.com\/es-pe\/wp-json\/wp\/v2\/media?parent=894"}],"curies":[{"name":"wp","href":"https:\/\/api.w.org\/{rel}","templated":true}]}}