{"id":900,"date":"2024-06-05T04:25:41","date_gmt":"2024-06-05T04:25:41","guid":{"rendered":"https:\/\/gmedrills.com\/es-pe\/?page_id=900"},"modified":"2024-07-17T07:30:16","modified_gmt":"2024-07-17T07:30:16","slug":"representante-de-ventas","status":"publish","type":"page","link":"https:\/\/gmedrills.com\/es-pe\/representante-de-ventas\/","title":{"rendered":"Representante de Ventas"},"content":{"rendered":"<h3><strong>Representante de Ventas Miner\u00eda Subterr\u00e1nea<\/strong><\/h3>\n<h4>Sobre el Puesto:<\/h4>\n<p>La funci\u00f3n principal de este rol es gestionar una cartera de clientes finales en todo el territorio del Per\u00fa, potenciando la presencia de la marca en mercados estrat\u00e9gicos. El representante reportar\u00e1 directamente al gerente de ventas.<\/p>\n<h5>Descripci\u00f3n Del Trabajo<\/h5>\n<ul>\n<li>Gestionar las ventas de taladros neum\u00e1ticos manuales Jack Legs, Stoper, taladros hidr\u00e1ulicos, equipos de perforaci\u00f3n, repuestos, sistema de perforaci\u00f3n DTH, accesorios de perforaci\u00f3n.<br \/>\nApoyo al desarrollo y mantenimiento activo de distribuidores.<br \/>\nOrganice actividades de demostraci\u00f3n con clientes clave, incluida la realizaci\u00f3n de pruebas mineras, y colabore con distribuidores.<br \/>\nIncrementar la presencia de la marca en los principales mercados.<br \/>\nProporcionar a los clientes soluciones espec\u00edficas de perforaci\u00f3n de rocas.<br \/>\nIntroducir nuevos productos a los clientes, haciendo \u00e9nfasis en demostraciones pr\u00e1cticas.<br \/>\nVisita a clientes finales en todo el territorio del Per\u00fa.<\/li>\n<\/ul>\n<h4>Conocimientos y Habilidades:<\/h4>\n<ul>\n<li style=\"list-style-type: none;\">\n<ul>\n<li>Experiencia en aplicaciones de miner\u00eda industrial.<\/li>\n<li>Conocimiento de los principios del marketing.<\/li>\n<li>Se prefiere dominio intermedio del ingl\u00e9s.<\/li>\n<li>Competente con paquetes de software de oficina e Internet.<\/li>\n<li>Fuerte mentalidad orientada a resultados.<\/li>\n<li>Capacidad de vender en funci\u00f3n del valor y diferenciar productos.<\/li>\n<li>Excelentes habilidades interpersonales y de negociaci\u00f3n.<\/li>\n<\/ul>\n<\/li>\n<\/ul>\n<h5>Experiencia Necesaria<\/h5>\n<ul>\n<li>Experiencia deseable (3 a\u00f1os) en ventas de productos industriales, en el mercado minero subterr\u00e1neo.<\/li>\n<li>Experiencia en relaciones B2B (relacionados a miner\u00eda) con clientes finales y distribuidores.<\/li>\n<\/ul>\n<h5><\/h5>\n<h5>Formaci\u00f3n Necesaria<\/h5>\n<ul>\n<li>Formaci\u00f3n en ingenier\u00eda de minas o campos afines, o experiencia comprobada en el sector minero.<\/li>\n<li>Estudios t\u00e9cnicos cualificados o experiencia pr\u00e1ctica en puestos similares que complementen la formaci\u00f3n acad\u00e9mica.<\/li>\n<\/ul>\n<h5><\/h5>\n<h5>Personalidad Requerida<\/h5>\n<ul>\n<li>Amable y buen oyente.<\/li>\n<li>Fuertes y eficientes habilidades de comunicaci\u00f3n.<\/li>\n<li>Centrado en el mercado y motivado para alcanzar objetivos ambiciosos.<\/li>\n<li>Negociador h\u00e1bil con capacidad para presentar propuestas y soluciones de manera efectiva.<\/li>\n<li>Responsable y preparado para trabajar en equipo. <\/li>\n<li>Excelente gestor de recursos (tiempo, log\u00edstica, seguimiento).<\/li>\n<li>Entusiasta con actitud optimista, valiente y proactiva.<\/li>\n<li>Autogestionado y experto en la administraci\u00f3n del tiempo.<\/li>\n<li>F\u00edsicamente capaz de afrontar viajes a diversos terrenos y grandes altitudes.<\/li>\n<li>Posee licencia de conducir de autom\u00f3vil vigente.<\/li>\n<li>Antecedentes impecables y con alto est\u00e1ndar \u00e9tico.<\/li>\n<\/ul>\n<h5><\/h5>\n<h5>Descripci\u00f3n de la Ciudad y el Pa\u00eds.<\/h5>\n<ul>\n<li>Lima, Per\u00fa.<\/li>\n<\/ul>\n<h5><\/h5>\n<h5>Informaci\u00f3n adicional<\/h5>\n<ul>\n<li>El candidato debe tener disponibilidad para viajar de forma permanente dentro del pa\u00eds y al exterior permaneciendo en la regi\u00f3n a definir.<\/li>\n<li>Movilidad propia, no indispensable.<\/li>\n<\/ul>\n<p>&nbsp;<\/p>\n\n<div class=\"wpcf7 no-js\" id=\"wpcf7-f816-o1\" lang=\"en-US\" dir=\"ltr\" data-wpcf7-id=\"816\">\n<div class=\"screen-reader-response\"><p role=\"status\" aria-live=\"polite\" aria-atomic=\"true\"><\/p> <ul><\/ul><\/div>\n<form action=\"\/es-pe\/wp-json\/wp\/v2\/pages\/900#wpcf7-f816-o1\" method=\"post\" class=\"wpcf7-form init\" aria-label=\"Contact form\" novalidate=\"novalidate\" data-status=\"init\">\n<fieldset class=\"hidden-fields-container\"><input type=\"hidden\" name=\"_wpcf7\" value=\"816\" \/><input type=\"hidden\" name=\"_wpcf7_version\" value=\"6.1.5\" \/><input type=\"hidden\" name=\"_wpcf7_locale\" value=\"en_US\" \/><input type=\"hidden\" name=\"_wpcf7_unit_tag\" value=\"wpcf7-f816-o1\" \/><input type=\"hidden\" name=\"_wpcf7_container_post\" value=\"0\" \/><input type=\"hidden\" name=\"_wpcf7_posted_data_hash\" value=\"\" \/><input type=\"hidden\" name=\"_wpcf7_recaptcha_response\" value=\"\" \/>\n<\/fieldset>\n<div class=\"row\">\n\t<div class=\"col-12 col-md-4 mb-3\">\n\t\t<p><span class=\"wpcf7-form-control-wrap\" data-name=\"FirstName\"><input size=\"40\" maxlength=\"400\" class=\"wpcf7-form-control wpcf7-text wpcf7-validates-as-required form-control\" aria-required=\"true\" aria-invalid=\"false\" placeholder=\"Nombre\" value=\"\" type=\"text\" name=\"FirstName\" \/><\/span>\n\t\t<\/p>\n\t<\/div>\n\t<div class=\"col-12 col-md-4 mb-3\">\n\t\t<p><span class=\"wpcf7-form-control-wrap\" data-name=\"Email\"><input size=\"40\" maxlength=\"400\" class=\"wpcf7-form-control wpcf7-email wpcf7-validates-as-required wpcf7-text wpcf7-validates-as-email form-control\" aria-required=\"true\" aria-invalid=\"false\" placeholder=\"Correo electr\u00f3nico\" value=\"\" type=\"email\" name=\"Email\" \/><\/span>\n\t\t<\/p>\n\t<\/div>\n\t<div class=\"col-12 col-md-4 mb-3\">\n\t\t<p><span class=\"wpcf7-form-control-wrap\" data-name=\"PhoneNumber\"><input size=\"40\" maxlength=\"400\" class=\"wpcf7-form-control wpcf7-tel wpcf7-validates-as-required wpcf7-text wpcf7-validates-as-tel form-control\" aria-required=\"true\" aria-invalid=\"false\" placeholder=\"N\u00famero de tel\u00e9fono\" value=\"\" type=\"tel\" name=\"PhoneNumber\" \/><\/span>\n\t\t<\/p>\n\t<\/div>\n\t<div class=\"col-12 col-md-6 mb-3\">\n\t\t<p><span class=\"wpcf7-form-control-wrap\" data-name=\"Address\"><input size=\"40\" maxlength=\"400\" class=\"wpcf7-form-control wpcf7-text form-control\" aria-invalid=\"false\" placeholder=\"Ubicaci\u00f3n\" value=\"\" type=\"text\" name=\"Address\" \/><\/span>\n\t\t<\/p>\n\t<\/div>\n\t<div class=\"col-12 col-md-6 mb-3\">\n\t\t<p><span class=\"wpcf7-form-control-wrap\" data-name=\"Position\"><input size=\"40\" maxlength=\"400\" class=\"wpcf7-form-control wpcf7-text wpcf7-validates-as-required form-control\" aria-required=\"true\" aria-invalid=\"false\" placeholder=\"Puesto solicitado\" value=\"\" type=\"text\" name=\"Position\" \/><\/span>\n\t\t<\/p>\n\t<\/div>\n\t<div class=\"col-12 col-md-6 mb-3\">\n\t\t<p><span class=\"wpcf7-form-control-wrap\" data-name=\"experience\"><input size=\"40\" maxlength=\"400\" class=\"wpcf7-form-control wpcf7-text wpcf7-validates-as-required form-control\" aria-required=\"true\" aria-invalid=\"false\" placeholder=\"Experiencia total (en a\u00f1os)\" value=\"\" type=\"text\" name=\"experience\" \/><\/span>\n\t\t<\/p>\n\t<\/div>\n\t<div class=\"col-12 col-md-6 mb-3\">\n\t\t<p><span class=\"wpcf7-form-control-wrap\" data-name=\"Currentorganisation\"><input size=\"40\" maxlength=\"400\" class=\"wpcf7-form-control wpcf7-text wpcf7-validates-as-required form-control\" aria-required=\"true\" aria-invalid=\"false\" placeholder=\"Organizaci\u00f3n actual\" value=\"\" type=\"text\" name=\"Currentorganisation\" \/><\/span>\n\t\t<\/p>\n\t<\/div>\n\t<div class=\"col-12 col-md-6 mb-3\">\n\t\t<p><span class=\"wpcf7-form-control-wrap\" data-name=\"currentdesignation\"><input size=\"40\" maxlength=\"400\" class=\"wpcf7-form-control wpcf7-text wpcf7-validates-as-required form-control\" aria-required=\"true\" aria-invalid=\"false\" placeholder=\"Designaci\u00f3n actual\" value=\"\" type=\"text\" name=\"currentdesignation\" \/><\/span>\n\t\t<\/p>\n\t<\/div>\n\t<div class=\"col-12 col-md-6 mb-3\">\n\t\t<p><span class=\"wpcf7-form-control-wrap\" data-name=\"Currentsalary\"><input size=\"40\" maxlength=\"400\" class=\"wpcf7-form-control wpcf7-text form-control\" aria-invalid=\"false\" placeholder=\"Salario actual\" value=\"\" type=\"text\" name=\"Currentsalary\" \/><\/span>\n\t\t<\/p>\n\t<\/div>\n\t<div class=\"col-12 col-md-6 mb-3\">\n\t\t<p><span class=\"wpcf7-form-control-wrap\" data-name=\"expectedsalary\"><input size=\"40\" maxlength=\"400\" class=\"wpcf7-form-control wpcf7-text form-control\" aria-invalid=\"false\" placeholder=\"Sueldo esperado\" value=\"\" type=\"text\" name=\"expectedsalary\" \/><\/span>\n\t\t<\/p>\n\t<\/div>\n\t<div class=\"col-12\">\n\t\t<p><input class=\"wpcf7-form-control wpcf7-submit has-spinner btn btn-success\" type=\"submit\" value=\"Enviar peticion\" \/>\n\t\t<\/p>\n\t<\/div>\n<\/div><div class=\"wpcf7-response-output\" aria-hidden=\"true\"><\/div>\n<\/form>\n<\/div>\n\n","protected":false},"excerpt":{"rendered":"<p>Representante de Ventas Miner\u00eda Subterr\u00e1nea Sobre el Puesto: La funci\u00f3n principal de este rol es gestionar una cartera de clientes finales en todo el territorio del Per\u00fa, potenciando la presencia de la marca en mercados estrat\u00e9gicos. El representante reportar\u00e1 directamente al gerente de ventas. Descripci\u00f3n Del Trabajo Gestionar las ventas de taladros neum\u00e1ticos manuales Jack Legs, Stoper, taladros hidr\u00e1ulicos, equipos de perforaci\u00f3n, repuestos, sistema de perforaci\u00f3n DTH, accesorios de perforaci\u00f3n. Apoyo al desarrollo y mantenimiento activo de distribuidores. Organice actividades de demostraci\u00f3n con clientes clave, incluida la realizaci\u00f3n de pruebas mineras, y colabore con distribuidores. Incrementar la presencia de la marca en los principales mercados. Proporcionar a los clientes soluciones espec\u00edficas de perforaci\u00f3n de rocas. Introducir nuevos productos a los clientes, haciendo \u00e9nfasis en demostraciones pr\u00e1cticas. Visita a clientes finales en todo el territorio del Per\u00fa. Conocimientos y Habilidades: Experiencia en aplicaciones de miner\u00eda industrial. Conocimiento de los principios del marketing. Se prefiere dominio intermedio del ingl\u00e9s. Competente con paquetes de software de oficina e Internet. Fuerte mentalidad orientada a resultados. Capacidad de vender en funci\u00f3n del valor y diferenciar productos. Excelentes habilidades interpersonales y de negociaci\u00f3n. Experiencia Necesaria Experiencia deseable (3 a\u00f1os) en ventas de productos industriales, en el mercado minero subterr\u00e1neo. Experiencia en relaciones B2B (relacionados a miner\u00eda) con clientes finales y distribuidores. Formaci\u00f3n Necesaria Formaci\u00f3n en ingenier\u00eda de minas o campos afines, o experiencia comprobada en el sector minero. Estudios t\u00e9cnicos cualificados o experiencia pr\u00e1ctica en puestos similares que complementen la formaci\u00f3n acad\u00e9mica. Personalidad Requerida Amable y buen oyente. Fuertes y eficientes habilidades de comunicaci\u00f3n. Centrado en el mercado y motivado para alcanzar objetivos ambiciosos. Negociador h\u00e1bil con capacidad para presentar propuestas y soluciones de manera efectiva. Responsable y preparado para trabajar en equipo. Excelente gestor de recursos (tiempo, log\u00edstica, seguimiento). Entusiasta con actitud optimista, valiente y proactiva. Autogestionado y experto en la administraci\u00f3n del tiempo. F\u00edsicamente capaz de afrontar viajes a diversos terrenos y grandes altitudes. Posee licencia de conducir de autom\u00f3vil vigente. Antecedentes impecables y con alto est\u00e1ndar \u00e9tico. Descripci\u00f3n de la Ciudad y el Pa\u00eds. Lima, Per\u00fa. Informaci\u00f3n adicional El candidato debe tener disponibilidad para viajar de forma permanente dentro del pa\u00eds y al exterior permaneciendo en la regi\u00f3n a definir. Movilidad propia, no indispensable. &nbsp;<\/p>\n","protected":false},"author":1,"featured_media":0,"parent":0,"menu_order":0,"comment_status":"closed","ping_status":"closed","template":"","meta":{"footnotes":""},"class_list":["post-900","page","type-page","status-publish","hentry"],"yoast_head":"<!-- This site is optimized with the Yoast SEO Premium plugin v24.5 (Yoast SEO v27.4) - https:\/\/yoast.com\/product\/yoast-seo-premium-wordpress\/ -->\n<title>Representante de Ventas - GME<\/title>\n<meta name=\"robots\" content=\"index, follow, max-snippet:-1, max-image-preview:large, max-video-preview:-1\" \/>\n<link rel=\"canonical\" href=\"https:\/\/gmedrills.com\/es-pe\/representante-de-ventas\/\" \/>\n<meta property=\"og:locale\" content=\"es_ES\" \/>\n<meta property=\"og:type\" content=\"article\" \/>\n<meta property=\"og:title\" content=\"Representante de Ventas - GME\" \/>\n<meta property=\"og:description\" content=\"Representante de Ventas Miner\u00eda Subterr\u00e1nea Sobre el Puesto: La funci\u00f3n principal de este rol es gestionar una cartera de clientes finales en todo el territorio del Per\u00fa, potenciando la presencia de la marca en mercados estrat\u00e9gicos. El representante reportar\u00e1 directamente al gerente de ventas. Descripci\u00f3n Del Trabajo Gestionar las ventas de taladros neum\u00e1ticos manuales Jack Legs, Stoper, taladros hidr\u00e1ulicos, equipos de perforaci\u00f3n, repuestos, sistema de perforaci\u00f3n DTH, accesorios de perforaci\u00f3n. Apoyo al desarrollo y mantenimiento activo de distribuidores. Organice actividades de demostraci\u00f3n con clientes clave, incluida la realizaci\u00f3n de pruebas mineras, y colabore con distribuidores. Incrementar la presencia de la marca en los principales mercados. Proporcionar a los clientes soluciones espec\u00edficas de perforaci\u00f3n de rocas. Introducir nuevos productos a los clientes, haciendo \u00e9nfasis en demostraciones pr\u00e1cticas. Visita a clientes finales en todo el territorio del Per\u00fa. Conocimientos y Habilidades: Experiencia en aplicaciones de miner\u00eda industrial. Conocimiento de los principios del marketing. Se prefiere dominio intermedio del ingl\u00e9s. Competente con paquetes de software de oficina e Internet. Fuerte mentalidad orientada a resultados. Capacidad de vender en funci\u00f3n del valor y diferenciar productos. Excelentes habilidades interpersonales y de negociaci\u00f3n. Experiencia Necesaria Experiencia deseable (3 a\u00f1os) en ventas de productos industriales, en el mercado minero subterr\u00e1neo. Experiencia en relaciones B2B (relacionados a miner\u00eda) con clientes finales y distribuidores. Formaci\u00f3n Necesaria Formaci\u00f3n en ingenier\u00eda de minas o campos afines, o experiencia comprobada en el sector minero. Estudios t\u00e9cnicos cualificados o experiencia pr\u00e1ctica en puestos similares que complementen la formaci\u00f3n acad\u00e9mica. Personalidad Requerida Amable y buen oyente. Fuertes y eficientes habilidades de comunicaci\u00f3n. Centrado en el mercado y motivado para alcanzar objetivos ambiciosos. Negociador h\u00e1bil con capacidad para presentar propuestas y soluciones de manera efectiva. Responsable y preparado para trabajar en equipo. Excelente gestor de recursos (tiempo, log\u00edstica, seguimiento). Entusiasta con actitud optimista, valiente y proactiva. Autogestionado y experto en la administraci\u00f3n del tiempo. F\u00edsicamente capaz de afrontar viajes a diversos terrenos y grandes altitudes. Posee licencia de conducir de autom\u00f3vil vigente. Antecedentes impecables y con alto est\u00e1ndar \u00e9tico. Descripci\u00f3n de la Ciudad y el Pa\u00eds. Lima, Per\u00fa. Informaci\u00f3n adicional El candidato debe tener disponibilidad para viajar de forma permanente dentro del pa\u00eds y al exterior permaneciendo en la regi\u00f3n a definir. Movilidad propia, no indispensable. &nbsp;\" \/>\n<meta property=\"og:url\" content=\"https:\/\/gmedrills.com\/es-pe\/representante-de-ventas\/\" \/>\n<meta property=\"og:site_name\" content=\"GME\" \/>\n<meta property=\"article:modified_time\" content=\"2024-07-17T07:30:16+00:00\" \/>\n<meta name=\"twitter:card\" content=\"summary_large_image\" \/>\n<meta name=\"twitter:label1\" content=\"Est. reading time\" \/>\n\t<meta name=\"twitter:data1\" content=\"2 minutos\" \/>\n<script type=\"application\/ld+json\" class=\"yoast-schema-graph\">{\"@context\":\"https:\\\/\\\/schema.org\",\"@graph\":[{\"@type\":\"WebPage\",\"@id\":\"https:\\\/\\\/gmedrills.com\\\/es-pe\\\/representante-de-ventas\\\/\",\"url\":\"https:\\\/\\\/gmedrills.com\\\/es-pe\\\/representante-de-ventas\\\/\",\"name\":\"Representante de Ventas - GME\",\"isPartOf\":{\"@id\":\"https:\\\/\\\/gmedrills.com\\\/es-pe\\\/#website\"},\"datePublished\":\"2024-06-05T04:25:41+00:00\",\"dateModified\":\"2024-07-17T07:30:16+00:00\",\"inLanguage\":\"es-PE\",\"potentialAction\":[{\"@type\":\"ReadAction\",\"target\":[\"https:\\\/\\\/gmedrills.com\\\/es-pe\\\/representante-de-ventas\\\/\"]}]},{\"@type\":\"WebSite\",\"@id\":\"https:\\\/\\\/gmedrills.com\\\/es-pe\\\/#website\",\"url\":\"https:\\\/\\\/gmedrills.com\\\/es-pe\\\/\",\"name\":\"GME\",\"description\":\"\",\"potentialAction\":[{\"@type\":\"SearchAction\",\"target\":{\"@type\":\"EntryPoint\",\"urlTemplate\":\"https:\\\/\\\/gmedrills.com\\\/es-pe\\\/?s={search_term_string}\"},\"query-input\":{\"@type\":\"PropertyValueSpecification\",\"valueRequired\":true,\"valueName\":\"search_term_string\"}}],\"inLanguage\":\"es-PE\"}]}<\/script>\n<!-- \/ Yoast SEO Premium plugin. -->","yoast_head_json":{"title":"Representante de Ventas - GME","robots":{"index":"index","follow":"follow","max-snippet":"max-snippet:-1","max-image-preview":"max-image-preview:large","max-video-preview":"max-video-preview:-1"},"canonical":"https:\/\/gmedrills.com\/es-pe\/representante-de-ventas\/","og_locale":"es_ES","og_type":"article","og_title":"Representante de Ventas - GME","og_description":"Representante de Ventas Miner\u00eda Subterr\u00e1nea Sobre el Puesto: La funci\u00f3n principal de este rol es gestionar una cartera de clientes finales en todo el territorio del Per\u00fa, potenciando la presencia de la marca en mercados estrat\u00e9gicos. El representante reportar\u00e1 directamente al gerente de ventas. Descripci\u00f3n Del Trabajo Gestionar las ventas de taladros neum\u00e1ticos manuales Jack Legs, Stoper, taladros hidr\u00e1ulicos, equipos de perforaci\u00f3n, repuestos, sistema de perforaci\u00f3n DTH, accesorios de perforaci\u00f3n. Apoyo al desarrollo y mantenimiento activo de distribuidores. Organice actividades de demostraci\u00f3n con clientes clave, incluida la realizaci\u00f3n de pruebas mineras, y colabore con distribuidores. Incrementar la presencia de la marca en los principales mercados. Proporcionar a los clientes soluciones espec\u00edficas de perforaci\u00f3n de rocas. Introducir nuevos productos a los clientes, haciendo \u00e9nfasis en demostraciones pr\u00e1cticas. Visita a clientes finales en todo el territorio del Per\u00fa. Conocimientos y Habilidades: Experiencia en aplicaciones de miner\u00eda industrial. Conocimiento de los principios del marketing. Se prefiere dominio intermedio del ingl\u00e9s. Competente con paquetes de software de oficina e Internet. Fuerte mentalidad orientada a resultados. Capacidad de vender en funci\u00f3n del valor y diferenciar productos. Excelentes habilidades interpersonales y de negociaci\u00f3n. Experiencia Necesaria Experiencia deseable (3 a\u00f1os) en ventas de productos industriales, en el mercado minero subterr\u00e1neo. Experiencia en relaciones B2B (relacionados a miner\u00eda) con clientes finales y distribuidores. Formaci\u00f3n Necesaria Formaci\u00f3n en ingenier\u00eda de minas o campos afines, o experiencia comprobada en el sector minero. Estudios t\u00e9cnicos cualificados o experiencia pr\u00e1ctica en puestos similares que complementen la formaci\u00f3n acad\u00e9mica. Personalidad Requerida Amable y buen oyente. Fuertes y eficientes habilidades de comunicaci\u00f3n. Centrado en el mercado y motivado para alcanzar objetivos ambiciosos. Negociador h\u00e1bil con capacidad para presentar propuestas y soluciones de manera efectiva. Responsable y preparado para trabajar en equipo. Excelente gestor de recursos (tiempo, log\u00edstica, seguimiento). Entusiasta con actitud optimista, valiente y proactiva. Autogestionado y experto en la administraci\u00f3n del tiempo. F\u00edsicamente capaz de afrontar viajes a diversos terrenos y grandes altitudes. Posee licencia de conducir de autom\u00f3vil vigente. Antecedentes impecables y con alto est\u00e1ndar \u00e9tico. Descripci\u00f3n de la Ciudad y el Pa\u00eds. Lima, Per\u00fa. Informaci\u00f3n adicional El candidato debe tener disponibilidad para viajar de forma permanente dentro del pa\u00eds y al exterior permaneciendo en la regi\u00f3n a definir. Movilidad propia, no indispensable. &nbsp;","og_url":"https:\/\/gmedrills.com\/es-pe\/representante-de-ventas\/","og_site_name":"GME","article_modified_time":"2024-07-17T07:30:16+00:00","twitter_card":"summary_large_image","twitter_misc":{"Est. reading time":"2 minutos"},"schema":{"@context":"https:\/\/schema.org","@graph":[{"@type":"WebPage","@id":"https:\/\/gmedrills.com\/es-pe\/representante-de-ventas\/","url":"https:\/\/gmedrills.com\/es-pe\/representante-de-ventas\/","name":"Representante de Ventas - GME","isPartOf":{"@id":"https:\/\/gmedrills.com\/es-pe\/#website"},"datePublished":"2024-06-05T04:25:41+00:00","dateModified":"2024-07-17T07:30:16+00:00","inLanguage":"es-PE","potentialAction":[{"@type":"ReadAction","target":["https:\/\/gmedrills.com\/es-pe\/representante-de-ventas\/"]}]},{"@type":"WebSite","@id":"https:\/\/gmedrills.com\/es-pe\/#website","url":"https:\/\/gmedrills.com\/es-pe\/","name":"GME","description":"","potentialAction":[{"@type":"SearchAction","target":{"@type":"EntryPoint","urlTemplate":"https:\/\/gmedrills.com\/es-pe\/?s={search_term_string}"},"query-input":{"@type":"PropertyValueSpecification","valueRequired":true,"valueName":"search_term_string"}}],"inLanguage":"es-PE"}]}},"rttpg_featured_image_url":null,"rttpg_author":{"display_name":"gmeperuadmin","author_link":"https:\/\/gmedrills.com\/es-pe\/author\/gmeperuadmin\/"},"rttpg_comment":0,"rttpg_category":null,"rttpg_excerpt":"Representante de Ventas Miner\u00eda Subterr\u00e1nea Sobre el Puesto: La funci\u00f3n principal de este rol es gestionar una cartera de clientes finales en todo el territorio del Per\u00fa, potenciando la presencia de la marca en mercados estrat\u00e9gicos. El representante reportar\u00e1 directamente al gerente de ventas. Descripci\u00f3n Del Trabajo Gestionar las ventas de taladros neum\u00e1ticos manuales Jack&hellip;","_links":{"self":[{"href":"https:\/\/gmedrills.com\/es-pe\/wp-json\/wp\/v2\/pages\/900","targetHints":{"allow":["GET"]}}],"collection":[{"href":"https:\/\/gmedrills.com\/es-pe\/wp-json\/wp\/v2\/pages"}],"about":[{"href":"https:\/\/gmedrills.com\/es-pe\/wp-json\/wp\/v2\/types\/page"}],"author":[{"embeddable":true,"href":"https:\/\/gmedrills.com\/es-pe\/wp-json\/wp\/v2\/users\/1"}],"replies":[{"embeddable":true,"href":"https:\/\/gmedrills.com\/es-pe\/wp-json\/wp\/v2\/comments?post=900"}],"version-history":[{"count":18,"href":"https:\/\/gmedrills.com\/es-pe\/wp-json\/wp\/v2\/pages\/900\/revisions"}],"predecessor-version":[{"id":2431,"href":"https:\/\/gmedrills.com\/es-pe\/wp-json\/wp\/v2\/pages\/900\/revisions\/2431"}],"wp:attachment":[{"href":"https:\/\/gmedrills.com\/es-pe\/wp-json\/wp\/v2\/media?parent=900"}],"curies":[{"name":"wp","href":"https:\/\/api.w.org\/{rel}","templated":true}]}}